{"id":7856,"date":"2024-05-17T08:16:51","date_gmt":"2024-05-17T08:16:51","guid":{"rendered":"http:\/\/vbs.ist\/?page_id=7856"},"modified":"2025-08-13T15:02:29","modified_gmt":"2025-08-13T12:02:29","slug":"iletisim","status":"publish","type":"page","link":"https:\/\/parafudr.ist\/?page_id=7856","title":{"rendered":"\u0130leti\u015fim"},"content":{"rendered":"<div class=\"wpb-content-wrapper\"><p>[vc_row][vc_column]<div class=\"porto-carousel owl-carousel has-ccols ccols-1 wpb_custom_aeaa5e17996b7d245daf12011c95db09 nav-inside dots-style-1 nav-inside-left\" data-plugin-options=\"{&quot;themeConfig&quot;:true,&quot;stagePadding&quot;:0,&quot;margin&quot;:0,&quot;autoplay&quot;:false,&quot;mouseDrag&quot;:true,&quot;touchDrag&quot;:true,&quot;autoplayTimeout&quot;:5000,&quot;autoplayHoverPause&quot;:false,&quot;items&quot;:1,&quot;xl&quot;:1,&quot;lg&quot;:1,&quot;md&quot;:1,&quot;sm&quot;:1,&quot;xs&quot;:1,&quot;nav&quot;:false,&quot;dots&quot;:&quot;yes&quot;,&quot;animateIn&quot;:&quot;&quot;,&quot;animateOut&quot;:&quot;&quot;,&quot;loop&quot;:false,&quot;center&quot;:false,&quot;video&quot;:false,&quot;lazyLoad&quot;:false,&quot;fullscreen&quot;:false}\"><div class=\"porto-ultimate-content-box-container \"><style>#porto_ucb_4794{will-change: box-shadow;box-shadow: none;}#porto_ucb_4794:hover{box-shadow:none}<\/style><div class=\"porto-ultimate-content-box vc_custom_1755086547381 has-content-pos justify-content-center\" style=\"background-image:url(&#039;https:\/\/parafudr.ist\/wp-content\/uploads\/2025\/08\/parafudr.jpg&#039;);background-size: cover;background-repeat: repeat;background-position: center center;background-color: rgba(0, 0, 0, 0);min-height:300px;\" id=\"porto_ucb_4794\"><\/div><\/div><\/div>[vc_gmaps link=&#8221;#E-8_JTNDaWZyYW1lJTIwc3R5bGUlM0QlMjJib3JkZXIlM0ElMjAwJTNCJTIyJTIwc3JjJTNEJTIyaHR0cHMlM0ElMkYlMkZ3d3cuZ29vZ2xlLmNvbSUyRm1hcHMlMkZlbWJlZCUzRnBiJTNEJTIxMW0xOCUyMTFtMTIlMjExbTMlMjExZDE1MDkuMzA3MTQzODQ1NzE1JTIxMmQyOS41ODA2ODMyODc2ODQ2MiUyMTNkNDAuODM2NDM1MTE0NDI0NTc1JTIxMm0zJTIxMWYwJTIxMmYwJTIxM2YwJTIxM20yJTIxMWkxMDI0JTIxMmk3NjglMjE0ZjEzLjElMjEzbTMlMjExbTIlMjExczB4MCUyNTNBMHgwJTIxMnpORERDc0RVd0p6RXhMakVpVGlBeU9jS3dNelFuTlRJdU5pSkYlMjE1ZTAlMjEzbTIlMjExc3RyJTIxMnN0ciUyMTR2MTUxODA3ODUzNjQ2MyUyMiUyMHdpZHRoJTNEJTIyMTAwJTI1JTIyJTIwaGVpZ2h0JTNEJTIyNDUwJTIyJTIwZnJhbWVib3JkZXIlM0QlMjIwJTIyJTIwYWxsb3dmdWxsc2NyZWVuJTNEJTIyYWxsb3dmdWxsc2NyZWVuJTIyJTNFJTNDJTJGaWZyYW1lJTNF&#8221;][vc_custom_heading text=&#8221;OBO BETTERMANN LTD. \u015eT\u0130.&#8221; font_container=&#8221;tag:h2|font_size:16px|text_align:left|line_height:1.3em&#8221; use_theme_fonts=&#8221;yes&#8221; css=&#8221;.vc_custom_1715695787949{padding-top: 11px !important;}&#8221; font_weight=&#8221;600&#8243; letter_spacing=&#8221;-0.16px&#8221; show_border=&#8221;yes&#8221; border_size=&#8221;xs&#8221; border_color=&#8221;#e7e7e7&#8243;][vc_column_text]<span style=\"font-size: 16px;\">\u00c7erke\u015fli OSB Mahallesi<br \/>\n<\/span>\u0130mes OSB<br \/>\n5. Cadde No : 9<br \/>\n41455 D\u0130LOVASI \u2013 KOCAEL\u0130<br \/>\nTel : + 90 262 290 90 29<br \/>\nFax: + 90 262 290 90 49<br \/>\ninfo@obobettermann.ist[\/vc_column_text][\/vc_column][\/vc_row]<\/p>\n<\/div>","protected":false},"excerpt":{"rendered":"<p>[vc_row][vc_column][vc_gmaps link=&#8221;#E-8_JTNDaWZyYW1lJTIwc3R5bGUlM0QlMjJib3JkZXIlM0ElMjAwJTNCJTIyJTIwc3JjJTNEJTIyaHR0cHMlM0ElMkYlMkZ3d3cuZ29vZ2xlLmNvbSUyRm1hcHMlMkZlbWJlZCUzRnBiJTNEJTIxMW0xOCUyMTFtMTIlMjExbTMlMjExZDE1MDkuMzA3MTQzODQ1NzE1JTIxMmQyOS41ODA2ODMyODc2ODQ2MiUyMTNkNDAuODM2NDM1MTE0NDI0NTc1JTIxMm0zJTIxMWYwJTIxMmYwJTIxM2YwJTIxM20yJTIxMWkxMDI0JTIxMmk3NjglMjE0ZjEzLjElMjEzbTMlMjExbTIlMjExczB4MCUyNTNBMHgwJTIxMnpORERDc0RVd0p6RXhMakVpVGlBeU9jS3dNelFuTlRJdU5pSkYlMjE1ZTAlMjEzbTIlMjExc3RyJTIxMnN0ciUyMTR2MTUxODA3ODUzNjQ2MyUyMiUyMHdpZHRoJTNEJTIyMTAwJTI1JTIyJTIwaGVpZ2h0JTNEJTIyNDUwJTIyJTIwZnJhbWVib3JkZXIlM0QlMjIwJTIyJTIwYWxsb3dmdWxsc2NyZWVuJTNEJTIyYWxsb3dmdWxsc2NyZWVuJTIyJTNFJTNDJTJGaWZyYW1lJTNF&#8221;][vc_custom_heading text=&#8221;OBO BETTERMANN LTD. \u015eT\u0130.&#8221; font_container=&#8221;tag:h2|font_size:16px|text_align:left|line_height:1.3em&#8221; use_theme_fonts=&#8221;yes&#8221; css=&#8221;.vc_custom_1715695787949{padding-top: 11px !important;}&#8221; font_weight=&#8221;600&#8243; letter_spacing=&#8221;-0.16px&#8221; show_border=&#8221;yes&#8221; border_size=&#8221;xs&#8221; border_color=&#8221;#e7e7e7&#8243;][vc_column_text]\u00c7erke\u015fli OSB Mahallesi \u0130mes OSB 5. Cadde No : 9 41455 D\u0130LOVASI \u2013 KOCAEL\u0130 Tel : + 90 262 290 90 29 Fax: + 90 262 290 90 49 info@obobettermann.ist[\/vc_column_text][\/vc_column][\/vc_row]<\/p>\n","protected":false},"author":1,"featured_media":0,"parent":0,"menu_order":0,"comment_status":"closed","ping_status":"closed","template":"","meta":{"footnotes":""},"class_list":["post-7856","page","type-page","status-publish","hentry"],"_links":{"self":[{"href":"https:\/\/parafudr.ist\/index.php?rest_route=\/wp\/v2\/pages\/7856","targetHints":{"allow":["GET"]}}],"collection":[{"href":"https:\/\/parafudr.ist\/index.php?rest_route=\/wp\/v2\/pages"}],"about":[{"href":"https:\/\/parafudr.ist\/index.php?rest_route=\/wp\/v2\/types\/page"}],"author":[{"embeddable":true,"href":"https:\/\/parafudr.ist\/index.php?rest_route=\/wp\/v2\/users\/1"}],"replies":[{"embeddable":true,"href":"https:\/\/parafudr.ist\/index.php?rest_route=%2Fwp%2Fv2%2Fcomments&post=7856"}],"version-history":[{"count":2,"href":"https:\/\/parafudr.ist\/index.php?rest_route=\/wp\/v2\/pages\/7856\/revisions"}],"predecessor-version":[{"id":8544,"href":"https:\/\/parafudr.ist\/index.php?rest_route=\/wp\/v2\/pages\/7856\/revisions\/8544"}],"wp:attachment":[{"href":"https:\/\/parafudr.ist\/index.php?rest_route=%2Fwp%2Fv2%2Fmedia&parent=7856"}],"curies":[{"name":"wp","href":"https:\/\/api.w.org\/{rel}","templated":true}]}}